{"id":399,"date":"2022-01-08T18:55:40","date_gmt":"2022-01-08T17:55:40","guid":{"rendered":"https:\/\/www.agromechatronik.eu\/?page_id=399"},"modified":"2022-08-30T23:13:28","modified_gmt":"2022-08-30T21:13:28","slug":"metodicka-prirucka-2","status":"publish","type":"page","link":"https:\/\/www.agromechatronik.eu\/?page_id=399","title":{"rendered":"Metodick\u00e1 p\u0159\u00edru\u010dka"},"content":{"rendered":"\n<p>Sou\u010d\u00e1st\u00ed t\u00e9to publikace je i metodick\u00e1 p\u0159\u00edru\u010dka, za ktorou byli zodpov\u011bdn\u00ed a&nbsp;zpracovali ji odborn\u00ed pracovn\u00edci \u0160t\u00e1tneho in\u0161tit\u00fatu odborn\u00e9ho vzdel\u00e1vania Bratislava a &nbsp;autorkou je Ing. Ren\u00e1ta Majern\u00edkov\u00e1, PhD.<\/p>\n\n\n\n<p>Cel\u00e1 p\u0159\u00edru\u010dka m\u00e1 jednotn\u00fd a&nbsp;p\u0159ehledn\u00fd r\u00e1mec a&nbsp;obsahuje mno\u017estv\u00ed cenn\u00e9ho metodick\u00e9ho materi\u00e1lu.<\/p>\n\n\n\n<p>Metodick\u00e1 p\u0159\u00edru\u010dka je rozd\u011blen\u00e1 do des\u00edti \u010d\u00e1st\u00ed, kter\u00e9 jsou t\u00e9maticky toto\u017en\u00e9 s\u00a0jednotliv\u00fdmi kapitolami u\u010debnice.\u00a0 \u00a0Ka\u017ed\u00e1 kapitola (kapitoly1-10) m\u00e1 svoju metodiku, kter\u00e1 obsahuje: <strong>shrnut\u00ed u\u010diva, zp\u011btnou vazbu, test k\u00a0ov\u011b\u0159en\u00ed \u010dten\u00ed s\u00a0porozum\u011bn\u00edm, metodick\u00e9 materi\u00e1ly pro teoretickou p\u0159\u00edpravu a podklady pro praktick\u00e9 vyu\u010dov\u00e1n\u00ed.<\/strong><\/p>\n\n\n\n<p><strong>Shrnut\u00ed u\u010diva<\/strong> obsahuje souhrn cel\u00e9ho u\u010diva z\u00a0konkr\u00e9tn\u00ed kapitoly u\u010debnice, kter\u00e9 bylo n\u00e1zorn\u011b sestaven\u00e9 do tabulek. U\u010divo uspo\u0159\u00e1dan\u00e9 do tabulek umo\u017e\u0148uje jeho lep\u0161\u00ed prezentaci p\u0159i v\u00fdkladu, zvl\u00e1\u0161t\u011b p\u0159i prezentaci p\u0159ez digit\u00e1ln\u00ed m\u00e9dia. Sou\u010dasn\u011b zjednodu\u0161\u00ed pr\u00e1ci s\u00a0textem nap\u0159\u00edklad p\u0159i tisku podklad\u016f, resp. pri zas\u00edl\u00e1n\u00ed po jednotliv\u00fdch \u010d\u00e1stech \u017e\u00e1k\u016fm elektronicky, nap\u0159\u00edklad v\u00a0p\u0159\u00edpad\u011b studia on-line formou.<\/p>\n\n\n\n<p><strong>Zp\u011btn\u00e1 vazba<\/strong> se skl\u00e1d\u00e1 z\u00a0ot\u00e1zek a\u00a0\u00fakol\u016f. Do ot\u00e1zek bylo podrobn\u011b prom\u00edtnuto u\u010divo z cel\u00e9 kapitoly u\u010debnice z\u00a0d\u016fvod\u016f zopakov\u00e1n\u00ed a upevn\u011bn\u00ed u\u010diva p\u0159\u00edmo ve vyu\u010dovac\u00ed hodin\u011b. \u00dakoly z\u00a0u\u010diva kapitoly byly sestaveny z\u00a0obsahu \u010d\u00e1sti Metodick\u00e9 p\u0159\u00edru\u010dky, v\u011bnovan\u00e9 praktick\u00e9mu vyu\u010dov\u00e1n\u00ed.<\/p>\n\n\n\n<p><strong>Test k\u00a0ov\u011b\u0159en\u00ed \u010dten\u00ed s\u00a0porozum\u011bn\u00edm<\/strong> byl vypracovan\u00fd v\u00fdhradn\u011b za \u00fa\u010delem ov\u011b\u0159en\u00ed z\u00edskan\u00fdch v\u011bdomost\u00ed z\u00a0probran\u00e9ho u\u010diva. Ot\u00e1zky testu jsou formulovan\u00e9 p\u0159\u00edmo z\u00a0u\u010debn\u00ed l\u00e1tky u\u010debnice. C\u00edlem testu v\u00a0Metodice nen\u00ed zkou\u0161en\u00ed \u017e\u00e1ka a\u00a0n\u00e1sledn\u00e9 hodnocen\u00ed zn\u00e1mkou, ale jen rychl\u00fd \u201efeedback\u201c, zda se \u017e\u00e1k na v\u00fdklad v hodine koncentroval, resp. pre\u010detl u\u010debn\u00ed l\u00e1tku s\u00a0porozum\u011bn\u00edm. Metodick\u00e9 materi\u00e1ly pro teoretickou p\u0159\u00edpravu obsahuj\u00ed u\u010divos\u00a0problematikou konkr\u00e9tn\u00ed kapitoly, kter\u00e9 dopl\u0148uje, nebo roz\u0161i\u0159uje obsah u\u010diva v\u00a0u\u010debnici. Sesb\u00edran\u00e9 materi\u00e1ly z\u00a0r\u016fzn\u00fdch zdroj\u016f m\u016f\u017ee u\u010ditel vyu\u017e\u00edvat na hodin\u00e1ch p\u0159i v\u00fdkladu u\u010diva, resp. je vyu\u017e\u00edt p\u0159i on-line komunikaci se \u017e\u00e1ky, obdobn\u011b jako zesumarizovan\u00e9 u\u010divo v \u010d\u00e1sti \u201eShrnut\u00ed u\u010diva\u201c.<\/p>\n\n\n\n<div class=\"wp-block-image is-style-default\"><figure class=\"aligncenter size-large is-resized\"><img loading=\"lazy\" decoding=\"async\" src=\"https:\/\/www.agromechatronik.eu\/wp-content\/uploads\/2022\/08\/flash-1024x615.jpg\" alt=\"\" class=\"wp-image-7078\" width=\"768\" height=\"461\" srcset=\"https:\/\/www.agromechatronik.eu\/wp-content\/uploads\/2022\/08\/flash-1024x615.jpg 1024w, https:\/\/www.agromechatronik.eu\/wp-content\/uploads\/2022\/08\/flash-300x180.jpg 300w, https:\/\/www.agromechatronik.eu\/wp-content\/uploads\/2022\/08\/flash-768x462.jpg 768w, https:\/\/www.agromechatronik.eu\/wp-content\/uploads\/2022\/08\/flash.jpg 1401w\" sizes=\"auto, (max-width: 768px) 100vw, 768px\" \/><\/figure><\/div>\n\n<script>\nvar zbPregResult = '0';\n<\/script>\n","protected":false},"excerpt":{"rendered":"<p>Sou\u010d\u00e1st\u00ed t\u00e9to publikace je i metodick\u00e1 p\u0159\u00edru\u010dka, za ktorou byli zodpov\u011bdn\u00ed a&nbsp;zpracovali ji odborn\u00ed pracovn\u00edci \u0160t\u00e1tneho in\u0161tit\u00fatu odborn\u00e9ho vzdel\u00e1vania Bratislava a &nbsp;autorkou je Ing. Ren\u00e1ta Majern\u00edkov\u00e1, PhD. Cel\u00e1 p\u0159\u00edru\u010dka m\u00e1 jednotn\u00fd a&nbsp;p\u0159ehledn\u00fd r\u00e1mec a&nbsp;obsahuje mno\u017estv\u00ed cenn\u00e9ho metodick\u00e9ho materi\u00e1lu. Metodick\u00e1 p\u0159\u00edru\u010dka je rozd\u011blen\u00e1 do des\u00edti \u010d\u00e1st\u00ed, kter\u00e9 jsou t\u00e9maticky toto\u017en\u00e9 s\u00a0jednotliv\u00fdmi kapitolami u\u010debnice.\u00a0 \u00a0Ka\u017ed\u00e1 kapitola (kapitoly1-10) [&hellip;]<\/p>\n","protected":false},"author":1,"featured_media":0,"parent":0,"menu_order":0,"comment_status":"closed","ping_status":"closed","template":"","meta":{"_uag_custom_page_level_css":"","_monsterinsights_skip_tracking":false,"_monsterinsights_sitenote_active":false,"_monsterinsights_sitenote_note":"","_monsterinsights_sitenote_category":0,"site-sidebar-layout":"default","site-content-layout":"","ast-site-content-layout":"","site-content-style":"default","site-sidebar-style":"default","ast-global-header-display":"","ast-banner-title-visibility":"","ast-main-header-display":"","ast-hfb-above-header-display":"","ast-hfb-below-header-display":"","ast-hfb-mobile-header-display":"","site-post-title":"","ast-breadcrumbs-content":"","ast-featured-img":"","footer-sml-layout":"","theme-transparent-header-meta":"","adv-header-id-meta":"","stick-header-meta":"","header-above-stick-meta":"","header-main-stick-meta":"","header-below-stick-meta":"","astra-migrate-meta-layouts":"default","ast-page-background-enabled":"default","ast-page-background-meta":{"desktop":{"background-color":"var(--ast-global-color-4)","background-image":"","background-repeat":"repeat","background-position":"center center","background-size":"auto","background-attachment":"scroll","background-type":"","background-media":"","overlay-type":"","overlay-color":"","overlay-opacity":"","overlay-gradient":""},"tablet":{"background-color":"","background-image":"","background-repeat":"repeat","background-position":"center center","background-size":"auto","background-attachment":"scroll","background-type":"","background-media":"","overlay-type":"","overlay-color":"","overlay-opacity":"","overlay-gradient":""},"mobile":{"background-color":"","background-image":"","background-repeat":"repeat","background-position":"center center","background-size":"auto","background-attachment":"scroll","background-type":"","background-media":"","overlay-type":"","overlay-color":"","overlay-opacity":"","overlay-gradient":""}},"ast-content-background-meta":{"desktop":{"background-color":"var(--ast-global-color-5)","background-image":"","background-repeat":"repeat","background-position":"center center","background-size":"auto","background-attachment":"scroll","background-type":"","background-media":"","overlay-type":"","overlay-color":"","overlay-opacity":"","overlay-gradient":""},"tablet":{"background-color":"var(--ast-global-color-5)","background-image":"","background-repeat":"repeat","background-position":"center center","background-size":"auto","background-attachment":"scroll","background-type":"","background-media":"","overlay-type":"","overlay-color":"","overlay-opacity":"","overlay-gradient":""},"mobile":{"background-color":"var(--ast-global-color-5)","background-image":"","background-repeat":"repeat","background-position":"center center","background-size":"auto","background-attachment":"scroll","background-type":"","background-media":"","overlay-type":"","overlay-color":"","overlay-opacity":"","overlay-gradient":""}},"footnotes":""},"class_list":["post-399","page","type-page","status-publish","hentry"],"yoast_head":"<!-- This site is optimized with the Yoast SEO plugin v26.8 - https:\/\/yoast.com\/product\/yoast-seo-wordpress\/ -->\n<title>Metodick\u00e1 p\u0159\u00edru\u010dka - Elektronick\u00e1 u\u010debnica<\/title>\n<meta name=\"robots\" content=\"index, follow, max-snippet:-1, max-image-preview:large, max-video-preview:-1\" \/>\n<link rel=\"canonical\" href=\"https:\/\/www.agromechatronik.eu\/?page_id=399\" \/>\n<meta property=\"og:locale\" content=\"sk_SK\" \/>\n<meta property=\"og:type\" content=\"article\" \/>\n<meta property=\"og:title\" content=\"Metodick\u00e1 p\u0159\u00edru\u010dka - Elektronick\u00e1 u\u010debnica\" \/>\n<meta property=\"og:description\" content=\"Sou\u010d\u00e1st\u00ed t\u00e9to publikace je i metodick\u00e1 p\u0159\u00edru\u010dka, za ktorou byli zodpov\u011bdn\u00ed a&nbsp;zpracovali ji odborn\u00ed pracovn\u00edci \u0160t\u00e1tneho in\u0161tit\u00fatu odborn\u00e9ho vzdel\u00e1vania Bratislava a &nbsp;autorkou je Ing. Ren\u00e1ta Majern\u00edkov\u00e1, PhD. Cel\u00e1 p\u0159\u00edru\u010dka m\u00e1 jednotn\u00fd a&nbsp;p\u0159ehledn\u00fd r\u00e1mec a&nbsp;obsahuje mno\u017estv\u00ed cenn\u00e9ho metodick\u00e9ho materi\u00e1lu. Metodick\u00e1 p\u0159\u00edru\u010dka je rozd\u011blen\u00e1 do des\u00edti \u010d\u00e1st\u00ed, kter\u00e9 jsou t\u00e9maticky toto\u017en\u00e9 s\u00a0jednotliv\u00fdmi kapitolami u\u010debnice.\u00a0 \u00a0Ka\u017ed\u00e1 kapitola (kapitoly1-10) [&hellip;]\" \/>\n<meta property=\"og:url\" content=\"https:\/\/www.agromechatronik.eu\/?page_id=399\" \/>\n<meta property=\"og:site_name\" content=\"Elektronick\u00e1 u\u010debnica\" \/>\n<meta property=\"article:modified_time\" content=\"2022-08-30T21:13:28+00:00\" \/>\n<meta property=\"og:image\" content=\"https:\/\/www.agromechatronik.eu\/wp-content\/uploads\/2022\/08\/flash-1024x615.jpg\" \/>\n<meta name=\"twitter:card\" content=\"summary_large_image\" \/>\n<meta name=\"twitter:label1\" content=\"Predpokladan\u00fd \u010das \u010d\u00edtania\" \/>\n\t<meta name=\"twitter:data1\" content=\"2 min\u00faty\" \/>\n<script type=\"application\/ld+json\" class=\"yoast-schema-graph\">{\"@context\":\"https:\/\/schema.org\",\"@graph\":[{\"@type\":\"WebPage\",\"@id\":\"https:\/\/www.agromechatronik.eu\/?page_id=399\",\"url\":\"https:\/\/www.agromechatronik.eu\/?page_id=399\",\"name\":\"Metodick\u00e1 p\u0159\u00edru\u010dka - Elektronick\u00e1 u\u010debnica\",\"isPartOf\":{\"@id\":\"https:\/\/www.agromechatronik.eu\/#website\"},\"primaryImageOfPage\":{\"@id\":\"https:\/\/www.agromechatronik.eu\/?page_id=399#primaryimage\"},\"image\":{\"@id\":\"https:\/\/www.agromechatronik.eu\/?page_id=399#primaryimage\"},\"thumbnailUrl\":\"https:\/\/www.agromechatronik.eu\/wp-content\/uploads\/2022\/08\/flash-1024x615.jpg\",\"datePublished\":\"2022-01-08T17:55:40+00:00\",\"dateModified\":\"2022-08-30T21:13:28+00:00\",\"breadcrumb\":{\"@id\":\"https:\/\/www.agromechatronik.eu\/?page_id=399#breadcrumb\"},\"inLanguage\":\"sk-SK\",\"potentialAction\":[{\"@type\":\"ReadAction\",\"target\":[\"https:\/\/www.agromechatronik.eu\/?page_id=399\"]}]},{\"@type\":\"ImageObject\",\"inLanguage\":\"sk-SK\",\"@id\":\"https:\/\/www.agromechatronik.eu\/?page_id=399#primaryimage\",\"url\":\"https:\/\/www.agromechatronik.eu\/wp-content\/uploads\/2022\/08\/flash.jpg\",\"contentUrl\":\"https:\/\/www.agromechatronik.eu\/wp-content\/uploads\/2022\/08\/flash.jpg\",\"width\":1401,\"height\":842},{\"@type\":\"BreadcrumbList\",\"@id\":\"https:\/\/www.agromechatronik.eu\/?page_id=399#breadcrumb\",\"itemListElement\":[{\"@type\":\"ListItem\",\"position\":1,\"name\":\"Home\",\"item\":\"https:\/\/www.agromechatronik.eu\/\"},{\"@type\":\"ListItem\",\"position\":2,\"name\":\"Metodick\u00e1 p\u0159\u00edru\u010dka\"}]},{\"@type\":\"WebSite\",\"@id\":\"https:\/\/www.agromechatronik.eu\/#website\",\"url\":\"https:\/\/www.agromechatronik.eu\/\",\"name\":\"Elektronick\u00e1 u\u010debnica\",\"description\":\"Nov\u00fd potenci\u00e1l rozvoja agrosektora - agromechatronik\",\"publisher\":{\"@id\":\"https:\/\/www.agromechatronik.eu\/#organization\"},\"potentialAction\":[{\"@type\":\"SearchAction\",\"target\":{\"@type\":\"EntryPoint\",\"urlTemplate\":\"https:\/\/www.agromechatronik.eu\/?s={search_term_string}\"},\"query-input\":{\"@type\":\"PropertyValueSpecification\",\"valueRequired\":true,\"valueName\":\"search_term_string\"}}],\"inLanguage\":\"sk-SK\"},{\"@type\":\"Organization\",\"@id\":\"https:\/\/www.agromechatronik.eu\/#organization\",\"name\":\"Elektronick\u00e1 u\u010debnica\",\"url\":\"https:\/\/www.agromechatronik.eu\/\",\"logo\":{\"@type\":\"ImageObject\",\"inLanguage\":\"sk-SK\",\"@id\":\"https:\/\/www.agromechatronik.eu\/#\/schema\/logo\/image\/\",\"url\":\"https:\/\/www.agromechatronik.eu\/wp-content\/uploads\/2022\/01\/cropped-cropped-logo.png\",\"contentUrl\":\"https:\/\/www.agromechatronik.eu\/wp-content\/uploads\/2022\/01\/cropped-cropped-logo.png\",\"width\":991,\"height\":134,\"caption\":\"Elektronick\u00e1 u\u010debnica\"},\"image\":{\"@id\":\"https:\/\/www.agromechatronik.eu\/#\/schema\/logo\/image\/\"}}]}<\/script>\n<!-- \/ Yoast SEO plugin. -->","yoast_head_json":{"title":"Metodick\u00e1 p\u0159\u00edru\u010dka - Elektronick\u00e1 u\u010debnica","robots":{"index":"index","follow":"follow","max-snippet":"max-snippet:-1","max-image-preview":"max-image-preview:large","max-video-preview":"max-video-preview:-1"},"canonical":"https:\/\/www.agromechatronik.eu\/?page_id=399","og_locale":"sk_SK","og_type":"article","og_title":"Metodick\u00e1 p\u0159\u00edru\u010dka - Elektronick\u00e1 u\u010debnica","og_description":"Sou\u010d\u00e1st\u00ed t\u00e9to publikace je i metodick\u00e1 p\u0159\u00edru\u010dka, za ktorou byli zodpov\u011bdn\u00ed a&nbsp;zpracovali ji odborn\u00ed pracovn\u00edci \u0160t\u00e1tneho in\u0161tit\u00fatu odborn\u00e9ho vzdel\u00e1vania Bratislava a &nbsp;autorkou je Ing. Ren\u00e1ta Majern\u00edkov\u00e1, PhD. Cel\u00e1 p\u0159\u00edru\u010dka m\u00e1 jednotn\u00fd a&nbsp;p\u0159ehledn\u00fd r\u00e1mec a&nbsp;obsahuje mno\u017estv\u00ed cenn\u00e9ho metodick\u00e9ho materi\u00e1lu. Metodick\u00e1 p\u0159\u00edru\u010dka je rozd\u011blen\u00e1 do des\u00edti \u010d\u00e1st\u00ed, kter\u00e9 jsou t\u00e9maticky toto\u017en\u00e9 s\u00a0jednotliv\u00fdmi kapitolami u\u010debnice.\u00a0 \u00a0Ka\u017ed\u00e1 kapitola (kapitoly1-10) [&hellip;]","og_url":"https:\/\/www.agromechatronik.eu\/?page_id=399","og_site_name":"Elektronick\u00e1 u\u010debnica","article_modified_time":"2022-08-30T21:13:28+00:00","og_image":[{"url":"https:\/\/www.agromechatronik.eu\/wp-content\/uploads\/2022\/08\/flash-1024x615.jpg","type":"","width":"","height":""}],"twitter_card":"summary_large_image","twitter_misc":{"Predpokladan\u00fd \u010das \u010d\u00edtania":"2 min\u00faty"},"schema":{"@context":"https:\/\/schema.org","@graph":[{"@type":"WebPage","@id":"https:\/\/www.agromechatronik.eu\/?page_id=399","url":"https:\/\/www.agromechatronik.eu\/?page_id=399","name":"Metodick\u00e1 p\u0159\u00edru\u010dka - Elektronick\u00e1 u\u010debnica","isPartOf":{"@id":"https:\/\/www.agromechatronik.eu\/#website"},"primaryImageOfPage":{"@id":"https:\/\/www.agromechatronik.eu\/?page_id=399#primaryimage"},"image":{"@id":"https:\/\/www.agromechatronik.eu\/?page_id=399#primaryimage"},"thumbnailUrl":"https:\/\/www.agromechatronik.eu\/wp-content\/uploads\/2022\/08\/flash-1024x615.jpg","datePublished":"2022-01-08T17:55:40+00:00","dateModified":"2022-08-30T21:13:28+00:00","breadcrumb":{"@id":"https:\/\/www.agromechatronik.eu\/?page_id=399#breadcrumb"},"inLanguage":"sk-SK","potentialAction":[{"@type":"ReadAction","target":["https:\/\/www.agromechatronik.eu\/?page_id=399"]}]},{"@type":"ImageObject","inLanguage":"sk-SK","@id":"https:\/\/www.agromechatronik.eu\/?page_id=399#primaryimage","url":"https:\/\/www.agromechatronik.eu\/wp-content\/uploads\/2022\/08\/flash.jpg","contentUrl":"https:\/\/www.agromechatronik.eu\/wp-content\/uploads\/2022\/08\/flash.jpg","width":1401,"height":842},{"@type":"BreadcrumbList","@id":"https:\/\/www.agromechatronik.eu\/?page_id=399#breadcrumb","itemListElement":[{"@type":"ListItem","position":1,"name":"Home","item":"https:\/\/www.agromechatronik.eu\/"},{"@type":"ListItem","position":2,"name":"Metodick\u00e1 p\u0159\u00edru\u010dka"}]},{"@type":"WebSite","@id":"https:\/\/www.agromechatronik.eu\/#website","url":"https:\/\/www.agromechatronik.eu\/","name":"Elektronick\u00e1 u\u010debnica","description":"Nov\u00fd potenci\u00e1l rozvoja agrosektora - agromechatronik","publisher":{"@id":"https:\/\/www.agromechatronik.eu\/#organization"},"potentialAction":[{"@type":"SearchAction","target":{"@type":"EntryPoint","urlTemplate":"https:\/\/www.agromechatronik.eu\/?s={search_term_string}"},"query-input":{"@type":"PropertyValueSpecification","valueRequired":true,"valueName":"search_term_string"}}],"inLanguage":"sk-SK"},{"@type":"Organization","@id":"https:\/\/www.agromechatronik.eu\/#organization","name":"Elektronick\u00e1 u\u010debnica","url":"https:\/\/www.agromechatronik.eu\/","logo":{"@type":"ImageObject","inLanguage":"sk-SK","@id":"https:\/\/www.agromechatronik.eu\/#\/schema\/logo\/image\/","url":"https:\/\/www.agromechatronik.eu\/wp-content\/uploads\/2022\/01\/cropped-cropped-logo.png","contentUrl":"https:\/\/www.agromechatronik.eu\/wp-content\/uploads\/2022\/01\/cropped-cropped-logo.png","width":991,"height":134,"caption":"Elektronick\u00e1 u\u010debnica"},"image":{"@id":"https:\/\/www.agromechatronik.eu\/#\/schema\/logo\/image\/"}}]}},"uagb_featured_image_src":{"full":false,"thumbnail":false,"medium":false,"medium_large":false,"large":false,"1536x1536":false,"2048x2048":false},"uagb_author_info":{"display_name":"ebookagromech","author_link":"https:\/\/www.agromechatronik.eu\/?author=1"},"uagb_comment_info":0,"uagb_excerpt":"Sou\u010d\u00e1st\u00ed t\u00e9to publikace je i metodick\u00e1 p\u0159\u00edru\u010dka, za ktorou byli zodpov\u011bdn\u00ed a&nbsp;zpracovali ji odborn\u00ed pracovn\u00edci \u0160t\u00e1tneho in\u0161tit\u00fatu odborn\u00e9ho vzdel\u00e1vania Bratislava a &nbsp;autorkou je Ing. Ren\u00e1ta Majern\u00edkov\u00e1, PhD. Cel\u00e1 p\u0159\u00edru\u010dka m\u00e1 jednotn\u00fd a&nbsp;p\u0159ehledn\u00fd r\u00e1mec a&nbsp;obsahuje mno\u017estv\u00ed cenn\u00e9ho metodick\u00e9ho materi\u00e1lu. Metodick\u00e1 p\u0159\u00edru\u010dka je rozd\u011blen\u00e1 do des\u00edti \u010d\u00e1st\u00ed, kter\u00e9 jsou t\u00e9maticky toto\u017en\u00e9 s\u00a0jednotliv\u00fdmi kapitolami u\u010debnice.\u00a0 \u00a0Ka\u017ed\u00e1 kapitola (kapitoly1-10)&hellip;","_links":{"self":[{"href":"https:\/\/www.agromechatronik.eu\/index.php?rest_route=\/wp\/v2\/pages\/399","targetHints":{"allow":["GET"]}}],"collection":[{"href":"https:\/\/www.agromechatronik.eu\/index.php?rest_route=\/wp\/v2\/pages"}],"about":[{"href":"https:\/\/www.agromechatronik.eu\/index.php?rest_route=\/wp\/v2\/types\/page"}],"author":[{"embeddable":true,"href":"https:\/\/www.agromechatronik.eu\/index.php?rest_route=\/wp\/v2\/users\/1"}],"replies":[{"embeddable":true,"href":"https:\/\/www.agromechatronik.eu\/index.php?rest_route=%2Fwp%2Fv2%2Fcomments&post=399"}],"version-history":[{"count":2,"href":"https:\/\/www.agromechatronik.eu\/index.php?rest_route=\/wp\/v2\/pages\/399\/revisions"}],"predecessor-version":[{"id":7119,"href":"https:\/\/www.agromechatronik.eu\/index.php?rest_route=\/wp\/v2\/pages\/399\/revisions\/7119"}],"wp:attachment":[{"href":"https:\/\/www.agromechatronik.eu\/index.php?rest_route=%2Fwp%2Fv2%2Fmedia&parent=399"}],"curies":[{"name":"wp","href":"https:\/\/api.w.org\/{rel}","templated":true}]}}